{"id":1362,"date":"2017-07-25T13:11:21","date_gmt":"2017-07-25T11:11:21","guid":{"rendered":"http:\/\/www.weinhotelrieder.com\/neu\/?page_id=1362"},"modified":"2023-08-31T15:55:14","modified_gmt":"2023-08-31T13:55:14","slug":"home","status":"publish","type":"page","link":"https:\/\/www.weinhotelrieder.com\/ca\/","title":{"rendered":"Dom\u016f"},"content":{"rendered":"<div class=\"wpb-content-wrapper\"><p>[vc_row css=&#8221;.vc_custom_1476645381373{margin-bottom: 0px !important;}&#8221;][vc_column][rev_slider_vc alias=&#8221;home-tschechisch&#8221;][\/vc_column][\/vc_row][vc_row full_width=&#8221;stretch_row&#8221; full_height=&#8221;yes&#8221; basel_parallax=&#8221;1&#8243; css=&#8221;.vc_custom_1501846144174{padding-top: 40px !important;padding-bottom: 40px !important;background-image: url(https:\/\/www.weinhotelrieder.com\/wp-content\/uploads\/2017\/07\/home_parallax_2.jpg?id=1370) !important;background-position: center !important;background-repeat: no-repeat !important;background-size: cover !important;}&#8221;][vc_column width=&#8221;2\/3&#8243; css=&#8221;.vc_custom_1476728420982{padding-right: 30px !important;padding-left: 30px !important;}&#8221;][vc_single_image image=&#8221;1720&#8243; img_size=&#8221;full&#8221; alignment=&#8221;center&#8221;][vc_empty_space height=&#8221;20&#8243;][vc_custom_heading text=&#8221;\u010cist\u00e1 relaxace&#8221; font_container=&#8221;tag:h1|font_size:90|text_align:center|color:%23ffffff&#8221; use_theme_fonts=&#8221;yes&#8221; css=&#8221;.vc_custom_1519732390944{margin-bottom: 10px !important;}&#8221; el_class=&#8221;title-alt&#8221;][vc_empty_space height=&#8221;20&#8243;][vc_column_text]<\/p>\n<h2 style=\"text-align: center;\"><span style=\"color: #ffffff;\">Modern\u00ed pokoje, nejvy\u0161\u0161\u00ed komfort a vynikaj\u00edc\u00ed servis vystihuj\u00ed n\u00e1\u0161 hotel. Le\u017e\u00ed v sam\u00e9m srdci m\u011bsta Poysdorf, nab\u00edz\u00edme na\u0161im host\u016fm nejlep\u0161\u00ed infrastukturu a kr\u00e1tk\u00e9 vzd\u00e1lenosti k \u0161armantn\u00edm kav\u00e1rn\u00e1m a vynikaj\u00edc\u00edm restaurac\u00edm a tak\u00e9 k Vinoversum, kter\u00e9 pat\u0159\u00ed k nezapomenuteln\u00fdm z\u00e1\u017eitk\u016fm pro mlad\u00e9 i star\u0161\u00ed.<\/span><\/h2>\n<p>[\/vc_column_text][vc_row_inner][vc_column_inner][vc_btn title=&#8221;<strong>V\u00edce<\/strong>&#8221; style=&#8221;custom&#8221; custom_background=&#8221;#929c1d&#8221; custom_text=&#8221;#ffffff&#8221; shape=&#8221;round&#8221; size=&#8221;lg&#8221; align=&#8221;center&#8221; link=&#8221;url:http%3A%2F%2Fwww.weinhotelrieder.com%2Fhotel%2F|||&#8221; el_class=&#8221;weight-bold&#8221;][\/vc_column_inner][\/vc_row_inner][\/vc_column][vc_column width=&#8221;1\/3&#8243;][\/vc_column][\/vc_row][vc_row full_width=&#8221;stretch_row&#8221; full_height=&#8221;yes&#8221; basel_parallax=&#8221;1&#8243; css=&#8221;.vc_custom_1501846725454{padding-top: 40px !important;padding-bottom: 40px !important;background-image: url(https:\/\/www.weinhotelrieder.com\/wp-content\/uploads\/2017\/07\/home_parallax_5.jpg?id=1406) !important;background-position: center !important;background-repeat: no-repeat !important;background-size: cover !important;}&#8221;][vc_column width=&#8221;1\/3&#8243;][\/vc_column][vc_column width=&#8221;2\/3&#8243; css=&#8221;.vc_custom_1476728425389{padding-right: 30px !important;padding-left: 30px !important;}&#8221;][vc_single_image image=&#8221;1720&#8243; img_size=&#8221;full&#8221; alignment=&#8221;center&#8221;][vc_empty_space height=&#8221;20&#8243;][vc_custom_heading text=&#8221;Nejlep\u0161\u00ed komfort&#8221; font_container=&#8221;tag:h1|font_size:90|text_align:center|color:%23ffffff&#8221; use_theme_fonts=&#8221;yes&#8221; css=&#8221;.vc_custom_1519732429755{margin-bottom: 10px !important;}&#8221; el_class=&#8221;title-alt&#8221;][vc_empty_space height=&#8221;20&#8243;][vc_column_text]<\/p>\n<h2 style=\"text-align: center;\"><span style=\"color: #ffffff;\">Na\u0161e pokoje odpov\u00eddaj\u00ed modern\u00edmu standartu. Te\u0161\u00ed n\u00e1s ,\u017ee V\u00e1m m\u016f\u017eeme nab\u00eddnout ubytov\u00e1n\u00ed ,ve kter\u00e9m se budete dob\u0159e c\u00edtit a budete moci klidn\u011b relaxovat. <\/span><\/h2>\n<p>[\/vc_column_text][vc_row_inner][vc_column_inner][vc_btn title=&#8221;<strong>V\u00edce<\/strong>&#8221; style=&#8221;custom&#8221; custom_background=&#8221;#d78400&#8243; custom_text=&#8221;#ffffff&#8221; shape=&#8221;round&#8221; size=&#8221;lg&#8221; align=&#8221;center&#8221; link=&#8221;url:http%3A%2F%2Fwww.weinhotelrieder.com%2Fzimmer%2F|||&#8221; el_class=&#8221;weight-bold&#8221;][\/vc_column_inner][\/vc_row_inner][\/vc_column][\/vc_row][vc_row full_width=&#8221;stretch_row&#8221; full_height=&#8221;yes&#8221; basel_parallax=&#8221;1&#8243; css=&#8221;.vc_custom_1501846264461{padding-top: 40px !important;padding-bottom: 40px !important;background-image: url(https:\/\/www.weinhotelrieder.com\/wp-content\/uploads\/2017\/07\/home_parallax_4.jpg?id=1379) !important;background-position: center !important;background-repeat: no-repeat !important;background-size: cover !important;}&#8221;][vc_column width=&#8221;2\/3&#8243; css=&#8221;.vc_custom_1476731152124{padding-right: 30px !important;padding-left: 30px !important;}&#8221;][vc_single_image image=&#8221;1720&#8243; img_size=&#8221;full&#8221; alignment=&#8221;center&#8221;][vc_empty_space height=&#8221;20&#8243;][vc_custom_heading text=&#8221;Nejvy\u0161\u0161\u00ed pot\u011b\u0161en\u00ed&#8221; font_container=&#8221;tag:h1|font_size:90|text_align:center|color:%23ffffff&#8221; use_theme_fonts=&#8221;yes&#8221; css=&#8221;.vc_custom_1519732529071{margin-bottom: 10px !important;}&#8221; el_class=&#8221;title-alt&#8221;][vc_empty_space height=&#8221;20&#8243;][vc_column_text]<\/p>\n<h2 style=\"text-align: center;\"><span style=\"color: #ffffff;\">Nach\u00e1z\u00edme se p\u0159\u00edmo ve vina\u0159sk\u00e9m m\u011bst\u011b Poysdorf, m\u016f\u017eeme V\u00e1m nab\u00eddnout velk\u00fd v\u00fdb\u011br vynikaj\u00edc\u00edch v\u00edn. Pro ka\u017ed\u00e9ho milovn\u00edka v\u00edna najdeme tu spr\u00e1vnou lahvinku.<\/span><\/h2>\n<p>[\/vc_column_text][vc_row_inner][vc_column_inner][vc_btn title=&#8221;<strong>V\u00edce<\/strong>&#8221; style=&#8221;custom&#8221; custom_background=&#8221;#929c1d&#8221; custom_text=&#8221;#ffffff&#8221; shape=&#8221;round&#8221; size=&#8221;lg&#8221; align=&#8221;center&#8221; link=&#8221;url:http%3A%2F%2Fwww.weinhotelrieder.com%2Fpoysdorf%2F|||&#8221; el_class=&#8221;weight-bold&#8221;][\/vc_column_inner][\/vc_row_inner][\/vc_column][vc_column width=&#8221;1\/3&#8243;][\/vc_column][\/vc_row][vc_row full_width=&#8221;stretch_row&#8221; full_height=&#8221;yes&#8221; basel_parallax=&#8221;1&#8243; css=&#8221;.vc_custom_1501846484555{margin-bottom: -40px !important;padding-top: 40px !important;padding-bottom: 40px !important;background-image: url(https:\/\/www.weinhotelrieder.com\/wp-content\/uploads\/2017\/07\/home_parallax_6.jpg?id=1409) !important;background-position: center !important;background-repeat: no-repeat !important;background-size: cover !important;}&#8221;][vc_column width=&#8221;1\/3&#8243;][\/vc_column][vc_column width=&#8221;2\/3&#8243; css=&#8221;.vc_custom_1476731161082{padding-right: 30px !important;padding-left: 30px !important;}&#8221;][vc_single_image image=&#8221;1720&#8243; img_size=&#8221;full&#8221; alignment=&#8221;center&#8221;][vc_empty_space height=&#8221;20&#8243;][vc_custom_heading text=&#8221;Okru\u017en\u00ed cesta na traktoru&#8221; font_container=&#8221;tag:h1|font_size:90|text_align:center|color:%23ffffff&#8221; use_theme_fonts=&#8221;yes&#8221; css=&#8221;.vc_custom_1519732545416{margin-bottom: 10px !important;}&#8221; el_class=&#8221;title-alt&#8221;][vc_empty_space height=&#8221;20&#8243;][vc_column_text]<\/p>\n<h2 style=\"text-align: center;\"><span style=\"color: #ffffff;\">Traktorem mezi vinicemi. <\/span><\/h2>\n<p>[\/vc_column_text][vc_row_inner][vc_column_inner][vc_btn title=&#8221;<strong>V\u00edce<\/strong>&#8221; style=&#8221;custom&#8221; custom_background=&#8221;#d78400&#8243; custom_text=&#8221;#ffffff&#8221; shape=&#8221;round&#8221; size=&#8221;lg&#8221; align=&#8221;center&#8221; link=&#8221;url:http%3A%2F%2Fwww.weinhotelrieder.com%2Fpoysdorf%2F%23traktorrundfahrten|||&#8221; el_class=&#8221;weight-bold&#8221;][\/vc_column_inner][\/vc_row_inner][\/vc_column][\/vc_row][vc_row full_width=&#8221;stretch_row&#8221; full_height=&#8221;yes&#8221; basel_parallax=&#8221;1&#8243; css=&#8221;.vc_custom_1501846649348{padding-top: 40px !important;padding-bottom: 40px !important;background-image: url(https:\/\/www.weinhotelrieder.com\/wp-content\/uploads\/2017\/07\/home_parallax_7.jpg?id=1411) !important;background-position: center !important;background-repeat: no-repeat !important;background-size: cover !important;}&#8221;][vc_column width=&#8221;2\/3&#8243; css=&#8221;.vc_custom_1476731152124{padding-right: 30px !important;padding-left: 30px !important;}&#8221;][vc_single_image image=&#8221;1720&#8243; img_size=&#8221;full&#8221; alignment=&#8221;center&#8221;][vc_empty_space height=&#8221;20&#8243;][vc_custom_heading text=&#8221;Pr\u016fvod sklepn\u00edmi uli\u010dkami&#8221; font_container=&#8221;tag:h1|font_size:90|text_align:center|color:%23ffffff&#8221; use_theme_fonts=&#8221;yes&#8221; css=&#8221;.vc_custom_1519732561252{margin-bottom: 10px !important;}&#8221; el_class=&#8221;title-alt&#8221;][vc_empty_space height=&#8221;20&#8243;][vc_column_text]<\/p>\n<h2 style=\"text-align: center;\"><span style=\"color: #ffffff;\">N\u011bco m\u00e1lo z Weinviertler historie. Spole\u010dn\u011b s pr\u016fvodcem si prohl\u00e9dnete \u201evesnici bez kom\u00edn\u016f\u201d a nakouknete i za t\u011b\u017ek\u00e9 d\u0159ev\u011bn\u00e9 dve\u0159e.<br \/>\n<\/span><\/h2>\n<p>[\/vc_column_text][vc_row_inner][vc_column_inner][vc_btn title=&#8221;<strong>V\u00edce<\/strong>&#8221; style=&#8221;custom&#8221; custom_background=&#8221;#929c1d&#8221; custom_text=&#8221;#ffffff&#8221; shape=&#8221;round&#8221; size=&#8221;lg&#8221; align=&#8221;center&#8221; link=&#8221;url:http%3A%2F%2Fwww.weinhotelrieder.com%2Fpoysdorf%2F%23kellergassenfuehrung|||&#8221; el_class=&#8221;weight-bold&#8221;][\/vc_column_inner][\/vc_row_inner][\/vc_column][vc_column width=&#8221;1\/3&#8243;][\/vc_column][\/vc_row][vc_row full_width=&#8221;stretch_row&#8221; full_height=&#8221;yes&#8221; basel_parallax=&#8221;1&#8243; css=&#8221;.vc_custom_1501846400525{margin-bottom: -40px !important;padding-top: 40px !important;padding-bottom: 40px !important;background-image: url(https:\/\/www.weinhotelrieder.com\/wp-content\/uploads\/2017\/07\/home_parallax_8.jpg?id=1413) !important;background-position: center !important;background-repeat: no-repeat !important;background-size: cover !important;}&#8221;][vc_column width=&#8221;1\/3&#8243;][\/vc_column][vc_column width=&#8221;2\/3&#8243; css=&#8221;.vc_custom_1476731161082{padding-right: 30px !important;padding-left: 30px !important;}&#8221;][vc_single_image image=&#8221;1720&#8243; img_size=&#8221;full&#8221; alignment=&#8221;center&#8221;][vc_empty_space height=&#8221;20&#8243;][vc_custom_heading text=&#8221;Vinot\u00e9ka&#8221; font_container=&#8221;tag:h1|font_size:90|text_align:center|color:%23ffffff&#8221; use_theme_fonts=&#8221;yes&#8221; css=&#8221;.vc_custom_1519732577390{margin-bottom: 10px !important;}&#8221; el_class=&#8221;title-alt&#8221;][vc_empty_space height=&#8221;20&#8243;][vc_column_text]<\/p>\n<h2 style=\"text-align: center;\"><span style=\"color: #ffffff;\">Ty nejlep\u0161\u00ed v\u00edna z regionu. Kdy\u017e milujete v\u00edno, tak se ve Weinmarkt se budete c\u00edtit jako doma. Nejlep\u0161\u00ed v\u00edna od 30 proslul\u00fdch vina\u0159\u016f z regionu najdete na jednom m\u00edst\u011b. \u0160kolen\u00fd person\u00e1l V\u00e1m r\u00e1d porad\u00ed.<\/span><\/h2>\n<p>[\/vc_column_text][vc_row_inner][vc_column_inner][vc_btn title=&#8221;<strong>V\u00edce<\/strong>&#8221; style=&#8221;custom&#8221; custom_background=&#8221;#d78400&#8243; custom_text=&#8221;#ffffff&#8221; shape=&#8221;round&#8221; size=&#8221;lg&#8221; align=&#8221;center&#8221; link=&#8221;url:http%3A%2F%2Fwww.weinhotelrieder.com%2Fpoysdorf%2F%23weinmarkt|||&#8221; el_class=&#8221;weight-bold&#8221;][\/vc_column_inner][\/vc_row_inner][\/vc_column][\/vc_row]<\/p>\n<\/div>","protected":false},"excerpt":{"rendered":"<p>[vc_row css=&#8221;.vc_custom_1476645381373{margin-bottom: 0px !important;}&#8221;][vc_column][rev_slider_vc alias=&#8221;home-tschechisch&#8221;][\/vc_column][\/vc_row][vc_row full_width=&#8221;stretch_row&#8221; full_height=&#8221;yes&#8221; basel_parallax=&#8221;1&#8243; css=&#8221;.vc_custom_1501846144174{padding-top: 40px !important;padding-bottom: 40px !important;background-image: url(https:\/\/www.weinhotelrieder.com\/wp-content\/uploads\/2017\/07\/home_parallax_2.jpg?id=1370) !important;background-position: center !important;background-repeat: no-repeat !important;background-size: cover<\/p>\n","protected":false},"author":1,"featured_media":0,"parent":0,"menu_order":0,"comment_status":"closed","ping_status":"closed","template":"","meta":{"footnotes":""},"class_list":["post-1362","page","type-page","status-publish","hentry"],"yoast_head":"<!-- This site is optimized with the Yoast SEO plugin v26.4 - https:\/\/yoast.com\/wordpress\/plugins\/seo\/ -->\n<title>Dom\u016f - Wein Hotel Rieder<\/title>\n<meta name=\"description\" content=\"Direkt im Zentrum Poysdorfs liegt das familiengef\u00fchrte Weinhotel Rieder***. Genie\u00dfen Sie Ihren Aufenthalt mit Poysdorfer Wein und einer gem\u00fctlichen Heurigenjause.\" \/>\n<meta name=\"robots\" content=\"index, follow, max-snippet:-1, max-image-preview:large, max-video-preview:-1\" \/>\n<link rel=\"canonical\" href=\"https:\/\/www.weinhotelrieder.com\/ca\/\" \/>\n<meta property=\"og:locale\" content=\"ca_ES\" \/>\n<meta property=\"og:type\" content=\"article\" \/>\n<meta property=\"og:title\" content=\"Dom\u016f - Wein Hotel Rieder\" \/>\n<meta property=\"og:description\" content=\"Direkt im Zentrum Poysdorfs liegt das familiengef\u00fchrte Weinhotel Rieder***. Genie\u00dfen Sie Ihren Aufenthalt mit Poysdorfer Wein und einer gem\u00fctlichen Heurigenjause.\" \/>\n<meta property=\"og:url\" content=\"https:\/\/www.weinhotelrieder.com\/ca\/\" \/>\n<meta property=\"og:site_name\" content=\"Wein Hotel Rieder\" \/>\n<meta property=\"article:modified_time\" content=\"2023-08-31T13:55:14+00:00\" \/>\n<meta name=\"twitter:card\" content=\"summary_large_image\" \/>\n<meta name=\"twitter:label1\" content=\"Temps estimat de lectura\" \/>\n\t<meta name=\"twitter:data1\" content=\"6 minuts\" \/>\n<script type=\"application\/ld+json\" class=\"yoast-schema-graph\">{\"@context\":\"https:\/\/schema.org\",\"@graph\":[{\"@type\":\"WebPage\",\"@id\":\"https:\/\/www.weinhotelrieder.com\/ca\/\",\"url\":\"https:\/\/www.weinhotelrieder.com\/ca\/\",\"name\":\"Dom\u016f - Wein Hotel Rieder\",\"isPartOf\":{\"@id\":\"https:\/\/www.weinhotelrieder.com\/ca\/#website\"},\"datePublished\":\"2017-07-25T11:11:21+00:00\",\"dateModified\":\"2023-08-31T13:55:14+00:00\",\"description\":\"Direkt im Zentrum Poysdorfs liegt das familiengef\u00fchrte Weinhotel Rieder***. Genie\u00dfen Sie Ihren Aufenthalt mit Poysdorfer Wein und einer gem\u00fctlichen Heurigenjause.\",\"breadcrumb\":{\"@id\":\"https:\/\/www.weinhotelrieder.com\/ca\/#breadcrumb\"},\"inLanguage\":\"ca\",\"potentialAction\":[{\"@type\":\"ReadAction\",\"target\":[[\"https:\/\/www.weinhotelrieder.com\/ca\/\"]]}]},{\"@type\":\"BreadcrumbList\",\"@id\":\"https:\/\/www.weinhotelrieder.com\/ca\/#breadcrumb\",\"itemListElement\":[{\"@type\":\"ListItem\",\"position\":1,\"name\":\"Startseite\",\"item\":\"https:\/\/www.weinhotelrieder.com\/ca\/\"},{\"@type\":\"ListItem\",\"position\":2,\"name\":\"Home\"}]},{\"@type\":\"WebSite\",\"@id\":\"https:\/\/www.weinhotelrieder.com\/ca\/#website\",\"url\":\"https:\/\/www.weinhotelrieder.com\/ca\/\",\"name\":\"Wein Hotel Rieder\",\"description\":\"Poysdorf im Weinviertel\",\"potentialAction\":[{\"@type\":\"SearchAction\",\"target\":{\"@type\":\"EntryPoint\",\"urlTemplate\":\"https:\/\/www.weinhotelrieder.com\/ca\/?s={search_term_string}\"},\"query-input\":{\"@type\":\"PropertyValueSpecification\",\"valueRequired\":true,\"valueName\":\"search_term_string\"}}],\"inLanguage\":\"ca\"}]}<\/script>\n<!-- \/ Yoast SEO plugin. -->","yoast_head_json":{"title":"Dom\u016f - Wein Hotel Rieder","description":"Direkt im Zentrum Poysdorfs liegt das familiengef\u00fchrte Weinhotel Rieder***. Genie\u00dfen Sie Ihren Aufenthalt mit Poysdorfer Wein und einer gem\u00fctlichen Heurigenjause.","robots":{"index":"index","follow":"follow","max-snippet":"max-snippet:-1","max-image-preview":"max-image-preview:large","max-video-preview":"max-video-preview:-1"},"canonical":"https:\/\/www.weinhotelrieder.com\/ca\/","og_locale":"ca_ES","og_type":"article","og_title":"Dom\u016f - Wein Hotel Rieder","og_description":"Direkt im Zentrum Poysdorfs liegt das familiengef\u00fchrte Weinhotel Rieder***. Genie\u00dfen Sie Ihren Aufenthalt mit Poysdorfer Wein und einer gem\u00fctlichen Heurigenjause.","og_url":"https:\/\/www.weinhotelrieder.com\/ca\/","og_site_name":"Wein Hotel Rieder","article_modified_time":"2023-08-31T13:55:14+00:00","twitter_card":"summary_large_image","twitter_misc":{"Temps estimat de lectura":"6 minuts"},"schema":{"@context":"https:\/\/schema.org","@graph":[{"@type":"WebPage","@id":"https:\/\/www.weinhotelrieder.com\/ca\/","url":"https:\/\/www.weinhotelrieder.com\/ca\/","name":"Dom\u016f - Wein Hotel Rieder","isPartOf":{"@id":"https:\/\/www.weinhotelrieder.com\/ca\/#website"},"datePublished":"2017-07-25T11:11:21+00:00","dateModified":"2023-08-31T13:55:14+00:00","description":"Direkt im Zentrum Poysdorfs liegt das familiengef\u00fchrte Weinhotel Rieder***. Genie\u00dfen Sie Ihren Aufenthalt mit Poysdorfer Wein und einer gem\u00fctlichen Heurigenjause.","breadcrumb":{"@id":"https:\/\/www.weinhotelrieder.com\/ca\/#breadcrumb"},"inLanguage":"ca","potentialAction":[{"@type":"ReadAction","target":[["https:\/\/www.weinhotelrieder.com\/ca\/"]]}]},{"@type":"BreadcrumbList","@id":"https:\/\/www.weinhotelrieder.com\/ca\/#breadcrumb","itemListElement":[{"@type":"ListItem","position":1,"name":"Startseite","item":"https:\/\/www.weinhotelrieder.com\/ca\/"},{"@type":"ListItem","position":2,"name":"Home"}]},{"@type":"WebSite","@id":"https:\/\/www.weinhotelrieder.com\/ca\/#website","url":"https:\/\/www.weinhotelrieder.com\/ca\/","name":"Wein Hotel Rieder","description":"Poysdorf im Weinviertel","potentialAction":[{"@type":"SearchAction","target":{"@type":"EntryPoint","urlTemplate":"https:\/\/www.weinhotelrieder.com\/ca\/?s={search_term_string}"},"query-input":{"@type":"PropertyValueSpecification","valueRequired":true,"valueName":"search_term_string"}}],"inLanguage":"ca"}]}},"_links":{"self":[{"href":"https:\/\/www.weinhotelrieder.com\/ca\/wp-json\/wp\/v2\/pages\/1362","targetHints":{"allow":["GET"]}}],"collection":[{"href":"https:\/\/www.weinhotelrieder.com\/ca\/wp-json\/wp\/v2\/pages"}],"about":[{"href":"https:\/\/www.weinhotelrieder.com\/ca\/wp-json\/wp\/v2\/types\/page"}],"author":[{"embeddable":true,"href":"https:\/\/www.weinhotelrieder.com\/ca\/wp-json\/wp\/v2\/users\/1"}],"replies":[{"embeddable":true,"href":"https:\/\/www.weinhotelrieder.com\/ca\/wp-json\/wp\/v2\/comments?post=1362"}],"version-history":[{"count":101,"href":"https:\/\/www.weinhotelrieder.com\/ca\/wp-json\/wp\/v2\/pages\/1362\/revisions"}],"predecessor-version":[{"id":2381,"href":"https:\/\/www.weinhotelrieder.com\/ca\/wp-json\/wp\/v2\/pages\/1362\/revisions\/2381"}],"wp:attachment":[{"href":"https:\/\/www.weinhotelrieder.com\/ca\/wp-json\/wp\/v2\/media?parent=1362"}],"curies":[{"name":"wp","href":"https:\/\/api.w.org\/{rel}","templated":true}]}}