{"id":1362,"date":"2017-07-25T13:11:21","date_gmt":"2017-07-25T11:11:21","guid":{"rendered":"http:\/\/www.weinhotelrieder.com\/neu\/?page_id=1362"},"modified":"2023-08-31T15:55:14","modified_gmt":"2023-08-31T13:55:14","slug":"home","status":"publish","type":"page","link":"https:\/\/www.weinhotelrieder.com\/en\/","title":{"rendered":"Home"},"content":{"rendered":"<div class=\"wpb-content-wrapper\"><p>[vc_row css=&#8221;.vc_custom_1476645381373{margin-bottom: 0px !important;}&#8221;][vc_column][rev_slider_vc alias=&#8221;home-englisch&#8221;][\/vc_column][\/vc_row][vc_row full_width=&#8221;stretch_row&#8221; full_height=&#8221;yes&#8221; basel_parallax=&#8221;1&#8243; css=&#8221;.vc_custom_1501846144174{padding-top: 40px !important;padding-bottom: 40px !important;background-image: url(https:\/\/www.weinhotelrieder.com\/wp-content\/uploads\/2017\/07\/home_parallax_2.jpg?id=1370) !important;background-position: center !important;background-repeat: no-repeat !important;background-size: cover !important;}&#8221;][vc_column width=&#8221;2\/3&#8243; css=&#8221;.vc_custom_1476728420982{padding-right: 30px !important;padding-left: 30px !important;}&#8221;][vc_single_image image=&#8221;1720&#8243; img_size=&#8221;full&#8221; alignment=&#8221;center&#8221;][vc_empty_space height=&#8221;20&#8243;][vc_custom_heading text=&#8221;Pure relaxation&#8221; font_container=&#8221;tag:h1|font_size:90|text_align:center|color:%23ffffff&#8221; use_theme_fonts=&#8221;yes&#8221; css=&#8221;.vc_custom_1520245650577{margin-bottom: 10px !important;}&#8221; el_class=&#8221;title-alt&#8221;][vc_empty_space height=&#8221;20&#8243;][vc_column_text]<\/p>\n<h2 style=\"text-align: center;\"><span style=\"color: #ffffff;\">Excellent service in modern and highly comfortable rooms characterise our hotel.<br \/>\nLocated in the heart of the wine town Poysdorf, we offer our guests short walking distances to charming cafe\u00b4s, fine restaurants and to the \u201eVinoversum\u201c, Poysdorf\u00b4s remarkable \u201cwine-adventure world\u201d for the whole family and suitable for all ages.<br \/>\n<\/span><\/h2>\n<p>[\/vc_column_text][vc_row_inner][vc_column_inner][vc_btn title=&#8221;<strong>Find out more<\/strong>&#8221; style=&#8221;custom&#8221; custom_background=&#8221;#929c1d&#8221; custom_text=&#8221;#ffffff&#8221; shape=&#8221;round&#8221; size=&#8221;lg&#8221; align=&#8221;center&#8221; link=&#8221;url:http%3A%2F%2Fwww.weinhotelrieder.com%2Fhotel%2F|||&#8221; el_class=&#8221;weight-bold&#8221;][\/vc_column_inner][\/vc_row_inner][\/vc_column][vc_column width=&#8221;1\/3&#8243;][\/vc_column][\/vc_row][vc_row full_width=&#8221;stretch_row&#8221; full_height=&#8221;yes&#8221; basel_parallax=&#8221;1&#8243; css=&#8221;.vc_custom_1501846725454{padding-top: 40px !important;padding-bottom: 40px !important;background-image: url(https:\/\/www.weinhotelrieder.com\/wp-content\/uploads\/2017\/07\/home_parallax_5.jpg?id=1406) !important;background-position: center !important;background-repeat: no-repeat !important;background-size: cover !important;}&#8221;][vc_column width=&#8221;1\/3&#8243;][\/vc_column][vc_column width=&#8221;2\/3&#8243; css=&#8221;.vc_custom_1476728425389{padding-right: 30px !important;padding-left: 30px !important;}&#8221;][vc_single_image image=&#8221;1720&#8243; img_size=&#8221;full&#8221; alignment=&#8221;center&#8221;][vc_empty_space height=&#8221;20&#8243;][vc_custom_heading text=&#8221;Best in comfort&#8221; font_container=&#8221;tag:h1|font_size:90|text_align:center|color:%23ffffff&#8221; use_theme_fonts=&#8221;yes&#8221; css=&#8221;.vc_custom_1520245713339{margin-bottom: 10px !important;}&#8221; el_class=&#8221;title-alt&#8221;][vc_empty_space height=&#8221;20&#8243;][vc_column_text]<\/p>\n<h2 style=\"text-align: center;\"><span style=\"color: #ffffff;\">Our rooms are en-suite furnished and welcome you as a charming place with its romantic ambiance. We will be pleased to offer you a cosy and warm accommodation in which you will spend enjoyable moments. <\/span><\/h2>\n<p>[\/vc_column_text][vc_row_inner][vc_column_inner][vc_btn title=&#8221;<strong>Find out more<\/strong>&#8221; style=&#8221;custom&#8221; custom_background=&#8221;#d78400&#8243; custom_text=&#8221;#ffffff&#8221; shape=&#8221;round&#8221; size=&#8221;lg&#8221; align=&#8221;center&#8221; link=&#8221;url:http%3A%2F%2Fwww.weinhotelrieder.com%2Fzimmer%2F|||&#8221; el_class=&#8221;weight-bold&#8221;][\/vc_column_inner][\/vc_row_inner][\/vc_column][\/vc_row][vc_row full_width=&#8221;stretch_row&#8221; full_height=&#8221;yes&#8221; basel_parallax=&#8221;1&#8243; css=&#8221;.vc_custom_1501846264461{padding-top: 40px !important;padding-bottom: 40px !important;background-image: url(https:\/\/www.weinhotelrieder.com\/wp-content\/uploads\/2017\/07\/home_parallax_4.jpg?id=1379) !important;background-position: center !important;background-repeat: no-repeat !important;background-size: cover !important;}&#8221;][vc_column width=&#8221;2\/3&#8243; css=&#8221;.vc_custom_1476731152124{padding-right: 30px !important;padding-left: 30px !important;}&#8221;][vc_single_image image=&#8221;1720&#8243; img_size=&#8221;full&#8221; alignment=&#8221;center&#8221;][vc_empty_space height=&#8221;20&#8243;][vc_custom_heading text=&#8221;Highest enjoyment&#8221; font_container=&#8221;tag:h1|font_size:90|text_align:center|color:%23ffffff&#8221; use_theme_fonts=&#8221;yes&#8221; css=&#8221;.vc_custom_1520245871362{margin-bottom: 10px !important;}&#8221; el_class=&#8221;title-alt&#8221;][vc_empty_space height=&#8221;20&#8243;][vc_column_text]<\/p>\n<h2 style=\"text-align: center;\"><span style=\"color: #ffffff;\">Located in the city centre of Poysdorf<br \/>\nAs a matter of course, we offer our guests and wine lovers a variety of excellent wines.<br \/>\nYou will find your special wine after your personal choice.<br \/>\n<\/span><\/h2>\n<p>[\/vc_column_text][vc_row_inner][vc_column_inner][vc_btn title=&#8221;<strong>Find out more<\/strong>&#8221; style=&#8221;custom&#8221; custom_background=&#8221;#929c1d&#8221; custom_text=&#8221;#ffffff&#8221; shape=&#8221;round&#8221; size=&#8221;lg&#8221; align=&#8221;center&#8221; link=&#8221;url:http%3A%2F%2Fwww.weinhotelrieder.com%2Fpoysdorf%2F|||&#8221; el_class=&#8221;weight-bold&#8221;][\/vc_column_inner][\/vc_row_inner][\/vc_column][vc_column width=&#8221;1\/3&#8243;][\/vc_column][\/vc_row][vc_row full_width=&#8221;stretch_row&#8221; full_height=&#8221;yes&#8221; basel_parallax=&#8221;1&#8243; css=&#8221;.vc_custom_1501846484555{margin-bottom: -40px !important;padding-top: 40px !important;padding-bottom: 40px !important;background-image: url(https:\/\/www.weinhotelrieder.com\/wp-content\/uploads\/2017\/07\/home_parallax_6.jpg?id=1409) !important;background-position: center !important;background-repeat: no-repeat !important;background-size: cover !important;}&#8221;][vc_column width=&#8221;1\/3&#8243;][\/vc_column][vc_column width=&#8221;2\/3&#8243; css=&#8221;.vc_custom_1476731161082{padding-right: 30px !important;padding-left: 30px !important;}&#8221;][vc_single_image image=&#8221;1720&#8243; img_size=&#8221;full&#8221; alignment=&#8221;center&#8221;][vc_empty_space height=&#8221;20&#8243;][vc_custom_heading text=&#8221;Tractor tours&#8221; font_container=&#8221;tag:h1|font_size:90|text_align:center|color:%23ffffff&#8221; use_theme_fonts=&#8221;yes&#8221; css=&#8221;.vc_custom_1520245913145{margin-bottom: 10px !important;}&#8221; el_class=&#8221;title-alt&#8221;][vc_empty_space height=&#8221;20&#8243;][vc_column_text]<\/p>\n<h2 style=\"text-align: center;\"><span style=\"color: #ffffff;\">Discover the wine yards high up on a historic fire brigade trailer pulled by a low speed tractor. Our city tour guides will show you sights and the hidden places of the historic wine town.<\/span><\/h2>\n<p>[\/vc_column_text][vc_row_inner][vc_column_inner][vc_btn title=&#8221;<strong>Find out more<\/strong>&#8221; style=&#8221;custom&#8221; custom_background=&#8221;#d78400&#8243; custom_text=&#8221;#ffffff&#8221; shape=&#8221;round&#8221; size=&#8221;lg&#8221; align=&#8221;center&#8221; link=&#8221;url:http%3A%2F%2Fwww.weinhotelrieder.com%2Fpoysdorf%2F%23traktorrundfahrten|||&#8221; el_class=&#8221;weight-bold&#8221;][\/vc_column_inner][\/vc_row_inner][\/vc_column][\/vc_row][vc_row full_width=&#8221;stretch_row&#8221; full_height=&#8221;yes&#8221; basel_parallax=&#8221;1&#8243; css=&#8221;.vc_custom_1501846649348{padding-top: 40px !important;padding-bottom: 40px !important;background-image: url(https:\/\/www.weinhotelrieder.com\/wp-content\/uploads\/2017\/07\/home_parallax_7.jpg?id=1411) !important;background-position: center !important;background-repeat: no-repeat !important;background-size: cover !important;}&#8221;][vc_column width=&#8221;2\/3&#8243; css=&#8221;.vc_custom_1476731152124{padding-right: 30px !important;padding-left: 30px !important;}&#8221;][vc_single_image image=&#8221;1720&#8243; img_size=&#8221;full&#8221; alignment=&#8221;center&#8221;][vc_empty_space height=&#8221;20&#8243;][vc_custom_heading text=&#8221;Guided wine cellar lane tours&#8221; font_container=&#8221;tag:h1|font_size:90|text_align:center|color:%23ffffff&#8221; use_theme_fonts=&#8221;yes&#8221; css=&#8221;.vc_custom_1520246005523{margin-bottom: 10px !important;}&#8221; el_class=&#8221;title-alt&#8221;][vc_empty_space height=&#8221;20&#8243;][vc_column_text]<\/p>\n<h2 style=\"text-align: center;\"><span style=\"color: #ffffff;\">A piece of the Wine-region\u00b4s history<br \/>\nSpecial guided tours held by wine experts help you to discover the so called \u201cchimney-less- towns\u201d where you can sneak behind heavy wine cellar doors and step into the history of wine<br \/>\n<\/span><\/h2>\n<p>[\/vc_column_text][vc_row_inner][vc_column_inner][vc_btn title=&#8221;<strong>Find out more<\/strong>&#8221; style=&#8221;custom&#8221; custom_background=&#8221;#929c1d&#8221; custom_text=&#8221;#ffffff&#8221; shape=&#8221;round&#8221; size=&#8221;lg&#8221; align=&#8221;center&#8221; link=&#8221;url:http%3A%2F%2Fwww.weinhotelrieder.com%2Fpoysdorf%2F%23kellergassenfuehrung|||&#8221; el_class=&#8221;weight-bold&#8221;][\/vc_column_inner][\/vc_row_inner][\/vc_column][vc_column width=&#8221;1\/3&#8243;][\/vc_column][\/vc_row][vc_row full_width=&#8221;stretch_row&#8221; full_height=&#8221;yes&#8221; basel_parallax=&#8221;1&#8243; css=&#8221;.vc_custom_1501846400525{margin-bottom: -40px !important;padding-top: 40px !important;padding-bottom: 40px !important;background-image: url(https:\/\/www.weinhotelrieder.com\/wp-content\/uploads\/2017\/07\/home_parallax_8.jpg?id=1413) !important;background-position: center !important;background-repeat: no-repeat !important;background-size: cover !important;}&#8221;][vc_column width=&#8221;1\/3&#8243;][\/vc_column][vc_column width=&#8221;2\/3&#8243; css=&#8221;.vc_custom_1476731161082{padding-right: 30px !important;padding-left: 30px !important;}&#8221;][vc_single_image image=&#8221;1720&#8243; img_size=&#8221;full&#8221; alignment=&#8221;center&#8221;][vc_empty_space height=&#8221;20&#8243;][vc_custom_heading text=&#8221;Wine market and shop&#8221; font_container=&#8221;tag:h1|font_size:90|text_align:center|color:%23ffffff&#8221; use_theme_fonts=&#8221;yes&#8221; css=&#8221;.vc_custom_1520246122728{margin-bottom: 10px !important;}&#8221; el_class=&#8221;title-alt&#8221;][vc_empty_space height=&#8221;20&#8243;][vc_column_text]<\/p>\n<h2 style=\"text-align: center;\"><span style=\"color: #ffffff;\">The region\u00b4s best wines<br \/>\nA paradise for wine lovers \u2013 as you can select from the best local wines. Wine experts help you to select from the high range of fine wines presented by 30 renowned wine growers.<\/span><\/h2>\n<p>[\/vc_column_text][vc_row_inner][vc_column_inner][vc_btn title=&#8221;<strong>Find out more<\/strong>&#8221; style=&#8221;custom&#8221; custom_background=&#8221;#d78400&#8243; custom_text=&#8221;#ffffff&#8221; shape=&#8221;round&#8221; size=&#8221;lg&#8221; align=&#8221;center&#8221; link=&#8221;url:http%3A%2F%2Fwww.weinhotelrieder.com%2Fpoysdorf%2F%23weinmarkt|||&#8221; el_class=&#8221;weight-bold&#8221;][\/vc_column_inner][\/vc_row_inner][\/vc_column][\/vc_row]<\/p>\n<\/div>","protected":false},"excerpt":{"rendered":"<p>[vc_row css=&#8221;.vc_custom_1476645381373{margin-bottom: 0px !important;}&#8221;][vc_column][rev_slider_vc alias=&#8221;home-englisch&#8221;][\/vc_column][\/vc_row][vc_row full_width=&#8221;stretch_row&#8221; full_height=&#8221;yes&#8221; basel_parallax=&#8221;1&#8243; css=&#8221;.vc_custom_1501846144174{padding-top: 40px !important;padding-bottom: 40px !important;background-image: url(https:\/\/www.weinhotelrieder.com\/wp-content\/uploads\/2017\/07\/home_parallax_2.jpg?id=1370) !important;background-position: center !important;background-repeat: no-repeat !important;background-size: cover<\/p>\n","protected":false},"author":1,"featured_media":0,"parent":0,"menu_order":0,"comment_status":"closed","ping_status":"closed","template":"","meta":{"footnotes":""},"class_list":["post-1362","page","type-page","status-publish","hentry"],"yoast_head":"<!-- This site is optimized with the Yoast SEO plugin v26.4 - https:\/\/yoast.com\/wordpress\/plugins\/seo\/ -->\n<title>Home - Wein Hotel Rieder<\/title>\n<meta name=\"description\" content=\"Direkt im Zentrum Poysdorfs liegt das familiengef\u00fchrte Weinhotel Rieder***. Genie\u00dfen Sie Ihren Aufenthalt mit Poysdorfer Wein und einer gem\u00fctlichen Heurigenjause.\" \/>\n<meta name=\"robots\" content=\"index, follow, max-snippet:-1, max-image-preview:large, max-video-preview:-1\" \/>\n<link rel=\"canonical\" href=\"https:\/\/www.weinhotelrieder.com\/en\/\" \/>\n<meta property=\"og:locale\" content=\"en_US\" \/>\n<meta property=\"og:type\" content=\"article\" \/>\n<meta property=\"og:title\" content=\"Home - Wein Hotel Rieder\" \/>\n<meta property=\"og:description\" content=\"Direkt im Zentrum Poysdorfs liegt das familiengef\u00fchrte Weinhotel Rieder***. Genie\u00dfen Sie Ihren Aufenthalt mit Poysdorfer Wein und einer gem\u00fctlichen Heurigenjause.\" \/>\n<meta property=\"og:url\" content=\"https:\/\/www.weinhotelrieder.com\/en\/\" \/>\n<meta property=\"og:site_name\" content=\"Wein Hotel Rieder\" \/>\n<meta property=\"article:modified_time\" content=\"2023-08-31T13:55:14+00:00\" \/>\n<meta name=\"twitter:card\" content=\"summary_large_image\" \/>\n<meta name=\"twitter:label1\" content=\"Est. reading time\" \/>\n\t<meta name=\"twitter:data1\" content=\"6 minutes\" \/>\n<script type=\"application\/ld+json\" class=\"yoast-schema-graph\">{\"@context\":\"https:\/\/schema.org\",\"@graph\":[{\"@type\":\"WebPage\",\"@id\":\"https:\/\/www.weinhotelrieder.com\/en\/\",\"url\":\"https:\/\/www.weinhotelrieder.com\/en\/\",\"name\":\"Home - Wein Hotel Rieder\",\"isPartOf\":{\"@id\":\"https:\/\/www.weinhotelrieder.com\/en\/#website\"},\"datePublished\":\"2017-07-25T11:11:21+00:00\",\"dateModified\":\"2023-08-31T13:55:14+00:00\",\"description\":\"Direkt im Zentrum Poysdorfs liegt das familiengef\u00fchrte Weinhotel Rieder***. Genie\u00dfen Sie Ihren Aufenthalt mit Poysdorfer Wein und einer gem\u00fctlichen Heurigenjause.\",\"breadcrumb\":{\"@id\":\"https:\/\/www.weinhotelrieder.com\/en\/#breadcrumb\"},\"inLanguage\":\"en-US\",\"potentialAction\":[{\"@type\":\"ReadAction\",\"target\":[[\"https:\/\/www.weinhotelrieder.com\/en\/\"]]}]},{\"@type\":\"BreadcrumbList\",\"@id\":\"https:\/\/www.weinhotelrieder.com\/en\/#breadcrumb\",\"itemListElement\":[{\"@type\":\"ListItem\",\"position\":1,\"name\":\"Startseite\",\"item\":\"https:\/\/www.weinhotelrieder.com\/en\/\"},{\"@type\":\"ListItem\",\"position\":2,\"name\":\"Home\"}]},{\"@type\":\"WebSite\",\"@id\":\"https:\/\/www.weinhotelrieder.com\/en\/#website\",\"url\":\"https:\/\/www.weinhotelrieder.com\/en\/\",\"name\":\"Wein Hotel Rieder\",\"description\":\"Poysdorf im Weinviertel\",\"potentialAction\":[{\"@type\":\"SearchAction\",\"target\":{\"@type\":\"EntryPoint\",\"urlTemplate\":\"https:\/\/www.weinhotelrieder.com\/en\/?s={search_term_string}\"},\"query-input\":{\"@type\":\"PropertyValueSpecification\",\"valueRequired\":true,\"valueName\":\"search_term_string\"}}],\"inLanguage\":\"en-US\"}]}<\/script>\n<!-- \/ Yoast SEO plugin. -->","yoast_head_json":{"title":"Home - Wein Hotel Rieder","description":"Direkt im Zentrum Poysdorfs liegt das familiengef\u00fchrte Weinhotel Rieder***. Genie\u00dfen Sie Ihren Aufenthalt mit Poysdorfer Wein und einer gem\u00fctlichen Heurigenjause.","robots":{"index":"index","follow":"follow","max-snippet":"max-snippet:-1","max-image-preview":"max-image-preview:large","max-video-preview":"max-video-preview:-1"},"canonical":"https:\/\/www.weinhotelrieder.com\/en\/","og_locale":"en_US","og_type":"article","og_title":"Home - Wein Hotel Rieder","og_description":"Direkt im Zentrum Poysdorfs liegt das familiengef\u00fchrte Weinhotel Rieder***. Genie\u00dfen Sie Ihren Aufenthalt mit Poysdorfer Wein und einer gem\u00fctlichen Heurigenjause.","og_url":"https:\/\/www.weinhotelrieder.com\/en\/","og_site_name":"Wein Hotel Rieder","article_modified_time":"2023-08-31T13:55:14+00:00","twitter_card":"summary_large_image","twitter_misc":{"Est. reading time":"6 minutes"},"schema":{"@context":"https:\/\/schema.org","@graph":[{"@type":"WebPage","@id":"https:\/\/www.weinhotelrieder.com\/en\/","url":"https:\/\/www.weinhotelrieder.com\/en\/","name":"Home - Wein Hotel Rieder","isPartOf":{"@id":"https:\/\/www.weinhotelrieder.com\/en\/#website"},"datePublished":"2017-07-25T11:11:21+00:00","dateModified":"2023-08-31T13:55:14+00:00","description":"Direkt im Zentrum Poysdorfs liegt das familiengef\u00fchrte Weinhotel Rieder***. Genie\u00dfen Sie Ihren Aufenthalt mit Poysdorfer Wein und einer gem\u00fctlichen Heurigenjause.","breadcrumb":{"@id":"https:\/\/www.weinhotelrieder.com\/en\/#breadcrumb"},"inLanguage":"en-US","potentialAction":[{"@type":"ReadAction","target":[["https:\/\/www.weinhotelrieder.com\/en\/"]]}]},{"@type":"BreadcrumbList","@id":"https:\/\/www.weinhotelrieder.com\/en\/#breadcrumb","itemListElement":[{"@type":"ListItem","position":1,"name":"Startseite","item":"https:\/\/www.weinhotelrieder.com\/en\/"},{"@type":"ListItem","position":2,"name":"Home"}]},{"@type":"WebSite","@id":"https:\/\/www.weinhotelrieder.com\/en\/#website","url":"https:\/\/www.weinhotelrieder.com\/en\/","name":"Wein Hotel Rieder","description":"Poysdorf im Weinviertel","potentialAction":[{"@type":"SearchAction","target":{"@type":"EntryPoint","urlTemplate":"https:\/\/www.weinhotelrieder.com\/en\/?s={search_term_string}"},"query-input":{"@type":"PropertyValueSpecification","valueRequired":true,"valueName":"search_term_string"}}],"inLanguage":"en-US"}]}},"_links":{"self":[{"href":"https:\/\/www.weinhotelrieder.com\/en\/wp-json\/wp\/v2\/pages\/1362","targetHints":{"allow":["GET"]}}],"collection":[{"href":"https:\/\/www.weinhotelrieder.com\/en\/wp-json\/wp\/v2\/pages"}],"about":[{"href":"https:\/\/www.weinhotelrieder.com\/en\/wp-json\/wp\/v2\/types\/page"}],"author":[{"embeddable":true,"href":"https:\/\/www.weinhotelrieder.com\/en\/wp-json\/wp\/v2\/users\/1"}],"replies":[{"embeddable":true,"href":"https:\/\/www.weinhotelrieder.com\/en\/wp-json\/wp\/v2\/comments?post=1362"}],"version-history":[{"count":101,"href":"https:\/\/www.weinhotelrieder.com\/en\/wp-json\/wp\/v2\/pages\/1362\/revisions"}],"predecessor-version":[{"id":2381,"href":"https:\/\/www.weinhotelrieder.com\/en\/wp-json\/wp\/v2\/pages\/1362\/revisions\/2381"}],"wp:attachment":[{"href":"https:\/\/www.weinhotelrieder.com\/en\/wp-json\/wp\/v2\/media?parent=1362"}],"curies":[{"name":"wp","href":"https:\/\/api.w.org\/{rel}","templated":true}]}}